{"id":5662,"date":"2025-07-22T13:45:24","date_gmt":"2025-07-22T11:45:24","guid":{"rendered":"http:\/\/biznesdoktor.pl\/?page_id=5662"},"modified":"2025-07-22T17:16:21","modified_gmt":"2025-07-22T15:16:21","slug":"jak-pracuje","status":"publish","type":"page","link":"http:\/\/biznesdoktor.pl\/index.php\/jak-pracuje\/","title":{"rendered":"Jak pracuj\u0119"},"content":{"rendered":"\t\t<div data-elementor-type=\"wp-page\" data-elementor-id=\"5662\" class=\"elementor elementor-5662\">\n\t\t\t\t\t\t<section class=\"elementor-section elementor-top-section elementor-element elementor-element-85aea7f elementor-section-boxed elementor-section-height-default elementor-section-height-default\" data-id=\"85aea7f\" data-element_type=\"section\">\n\t\t\t\t\t\t<div class=\"elementor-container elementor-column-gap-default\">\n\t\t\t\t\t<div class=\"elementor-column elementor-col-100 elementor-top-column elementor-element elementor-element-37da563\" data-id=\"37da563\" data-element_type=\"column\">\n\t\t\t<div class=\"elementor-widget-wrap elementor-element-populated\">\n\t\t\t\t\t\t<div class=\"elementor-element elementor-element-ebccb76 elementor-widget elementor-widget-text-editor\" data-id=\"ebccb76\" data-element_type=\"widget\" data-widget_type=\"text-editor.default\">\n\t\t\t\t<div class=\"elementor-widget-container\">\n\t\t\t\t\t\t\t\t\t<h1 style=\"text-align: center;\"><span style=\"color: #000000;\">Poznaj moj\u0105 metod\u0119 na to jak pom\u00f3c Ci wzmocni\u0107 swoj\u0105 firm\u0119 &#8211; tak, by\u015b Ty te\u017c m\u00f3g\u0142 \u017cy\u0107 i pracowa\u0107 spokojniej.<\/span><\/h1>\t\t\t\t\t\t\t\t<\/div>\n\t\t\t\t<\/div>\n\t\t\t\t\t<\/div>\n\t\t<\/div>\n\t\t\t\t\t<\/div>\n\t\t<\/section>\n\t\t\t\t<section class=\"elementor-section elementor-top-section elementor-element elementor-element-c9754d9 elementor-section-boxed elementor-section-height-default elementor-section-height-default\" data-id=\"c9754d9\" data-element_type=\"section\">\n\t\t\t\t\t\t<div class=\"elementor-container elementor-column-gap-default\">\n\t\t\t\t\t<div class=\"elementor-column elementor-col-100 elementor-top-column elementor-element elementor-element-d3563dc\" data-id=\"d3563dc\" data-element_type=\"column\">\n\t\t\t<div class=\"elementor-widget-wrap elementor-element-populated\">\n\t\t\t\t\t\t<div class=\"elementor-element elementor-element-f6ee2bc elementor-widget elementor-widget-text-editor\" data-id=\"f6ee2bc\" data-element_type=\"widget\" data-widget_type=\"text-editor.default\">\n\t\t\t\t<div class=\"elementor-widget-container\">\n\t\t\t\t\t\t\t\t\t<h3><span style=\"color: #ffffff;\">1. Badanie \u2013 znajd\u017amy \u017ar\u00f3d\u0142o problemu<\/span><\/h3><p data-start=\"465\" data-end=\"680\"><span style=\"color: #ffffff;\">Zaczynamy od rozm\u00f3w i analizy tego, co dzieje si\u0119 w firmie naprawd\u0119:<\/span><br data-start=\"533\" data-end=\"536\" \/><span style=\"color: #ffffff;\">\u2013 Przegl\u0105dam dokumenty, procedury, wyniki, reklamacje, awarie.<\/span><br data-start=\"598\" data-end=\"601\" \/><span style=\"color: #ffffff;\">\u2013 Rozmawiam z pracownikami.<\/span><br data-start=\"628\" data-end=\"631\" \/><span style=\"color: #ffffff;\">\u2013 Patrz\u0119, jak dzia\u0142a organizacja \u2013 bez upi\u0119ksze\u0144.<\/span><\/p><p data-start=\"682\" data-end=\"744\"><span style=\"color: #ffffff;\">To kluczowy etap \u2013 bo tylko dobra diagnoza daje realne efekty.<\/span><\/p><hr data-start=\"746\" data-end=\"749\" \/><h3 data-start=\"751\" data-end=\"797\"><span style=\"color: #ffffff;\">2. Diagnoza \u2013 ewolucja, nie rewolucja<\/span><\/h3><p data-start=\"798\" data-end=\"982\"><span style=\"color: #ffffff;\">Okre\u015blamy, z czym firma ma najwi\u0119kszy k\u0142opot.<\/span><br data-start=\"843\" data-end=\"846\" \/><span style=\"color: #ffffff;\">Czy problem jest wewn\u0119trzny (np. nieefektywno\u015b\u0107, chaos, niezadowolenie zespo\u0142u), czy zewn\u0119trzny (np. presja konkurencji, zmiany prawne)?<\/span><\/p><p data-start=\"984\" data-end=\"1193\"><span style=\"color: #ffffff;\">Nast\u0119pnie przygotowuj\u0119 propozycje dzia\u0142ania \u2013 od prostych korekt po g\u0142\u0119bsze zmiany:<\/span><\/p><ul><li data-start=\"984\" data-end=\"1193\"><span style=\"color: #ffffff;\">szkolenie,\u00a0<\/span><\/li><li data-start=\"984\" data-end=\"1193\"><span style=\"color: #ffffff;\">integracja,<\/span><\/li><li data-start=\"984\" data-end=\"1193\"><span style=\"color: #ffffff;\">usprawnienie procedur,<\/span><\/li><li data-start=\"984\" data-end=\"1193\"><span style=\"color: #ffffff;\">automatyzacja,<\/span><\/li><li data-start=\"984\" data-end=\"1193\"><span style=\"color: #ffffff;\">restrukturyzacja dzia\u0142u,<\/span><\/li><li data-start=\"984\" data-end=\"1193\"><span style=\"color: #ffffff;\">nowy system IT.<\/span><\/li><\/ul><p data-start=\"1195\" data-end=\"1244\"><span style=\"color: #ffffff;\">Ty wybierasz, kt\u00f3re rozwi\u0105zanie pasuje najlepiej.<\/span><\/p><hr data-start=\"1246\" data-end=\"1249\" \/><h3 data-start=\"1251\" data-end=\"1297\"><span style=\"color: #ffffff;\">3. Leczenie \u2013 dzia\u0142amy, krok po kroku<\/span><\/h3><p data-start=\"1298\" data-end=\"1488\"><span style=\"color: #ffffff;\">Plan to nie wszystko \u2013 najwa\u017cniejsze to go wdro\u017cy\u0107.<\/span><br data-start=\"1349\" data-end=\"1352\" \/><span style=\"color: #ffffff;\">Pomagam Ci w realizacji, monitorowaniu post\u0119p\u00f3w i wprowadzaniu korekt.<\/span><br data-start=\"1422\" data-end=\"1425\" \/><span style=\"color: #ffffff;\">Codziennie jeden krok \u2013 i widzisz, jak firma odzyskuje form\u0119.<\/span><\/p>\t\t\t\t\t\t\t\t<\/div>\n\t\t\t\t<\/div>\n\t\t\t\t\t<\/div>\n\t\t<\/div>\n\t\t\t\t\t<\/div>\n\t\t<\/section>\n\t\t\t\t<section class=\"elementor-section elementor-top-section elementor-element elementor-element-a6edbd6 elementor-section-boxed elementor-section-height-default elementor-section-height-default\" data-id=\"a6edbd6\" data-element_type=\"section\">\n\t\t\t\t\t\t<div class=\"elementor-container elementor-column-gap-default\">\n\t\t\t\t\t<div class=\"elementor-column elementor-col-100 elementor-top-column elementor-element elementor-element-929cb82\" data-id=\"929cb82\" data-element_type=\"column\">\n\t\t\t<div class=\"elementor-widget-wrap elementor-element-populated\">\n\t\t\t\t\t\t<div class=\"elementor-element elementor-element-384e88a elementor-widget elementor-widget-text-editor\" data-id=\"384e88a\" data-element_type=\"widget\" data-widget_type=\"text-editor.default\">\n\t\t\t\t<div class=\"elementor-widget-container\">\n\t\t\t\t\t\t\t\t\t<h2 style=\"text-align: center;\" data-start=\"1495\" data-end=\"1556\"><span style=\"color: #000000;\">Ka\u017cda firma \u2013 ma\u0142a, \u015brednia, du\u017ca \u2013 ma co\u015b do poprawy<\/span><\/h2><h6 style=\"text-align: center;\" data-start=\"1557\" data-end=\"1686\"><span style=\"color: #000000;\">Je\u015bli nic z tym nie zrobisz, problemy nie znikn\u0105. Mog\u0105 si\u0119 tylko pog\u0142\u0119bi\u0107.<\/span><br data-start=\"1631\" data-end=\"1634\" \/><span style=\"color: #000000;\">Nie czekaj na &#8222;zawa\u0142&#8221;. Zr\u00f3b pierwszy ruch ju\u017c teraz.<\/span><\/h6><h6 style=\"text-align: center;\" data-start=\"1688\" data-end=\"1828\"><span style=\"color: #000000;\">Chcesz sprawdzi\u0107, czy to dzia\u0142a?<\/span><br data-start=\"1723\" data-end=\"1726\" \/><span style=\"color: #000000;\">Zadzwo\u0144 lub wype\u0142nij formularz. Um\u00f3wmy si\u0119 na bezp\u0142atne spotkanie \u2013 bez zobowi\u0105za\u0144, za to z konkretem.<\/span><\/h6><hr data-start=\"1830\" data-end=\"1833\" \/><h6 style=\"text-align: center;\" data-start=\"1835\" data-end=\"1900\"><span style=\"color: #000000;\"><strong data-start=\"1835\" data-end=\"1873\">Dzia\u0142ajmy \u2013 zanim b\u0119dzie za p\u00f3\u017ano.<\/strong><\/span><br data-start=\"1873\" data-end=\"1876\" \/><span style=\"color: #000000;\"><strong data-start=\"1876\" data-end=\"1900\">Biznes Doktor czeka.<\/strong><\/span><\/h6>\t\t\t\t\t\t\t\t<\/div>\n\t\t\t\t<\/div>\n\t\t\t\t\t<\/div>\n\t\t<\/div>\n\t\t\t\t\t<\/div>\n\t\t<\/section>\n\t\t\t\t<section class=\"elementor-section elementor-top-section elementor-element elementor-element-e5ab2b1 elementor-section-boxed elementor-section-height-default elementor-section-height-default\" data-id=\"e5ab2b1\" data-element_type=\"section\">\n\t\t\t\t\t\t<div class=\"elementor-container elementor-column-gap-default\">\n\t\t\t\t\t<div class=\"elementor-column elementor-col-100 elementor-top-column elementor-element elementor-element-82b74d1\" data-id=\"82b74d1\" data-element_type=\"column\">\n\t\t\t<div class=\"elementor-widget-wrap elementor-element-populated\">\n\t\t\t\t\t\t<div class=\"elementor-element elementor-element-cbba7cf elementor-align-center elementor-widget elementor-widget-button\" data-id=\"cbba7cf\" data-element_type=\"widget\" data-widget_type=\"button.default\">\n\t\t\t\t<div class=\"elementor-widget-container\">\n\t\t\t\t\t\t\t\t\t<div class=\"elementor-button-wrapper\">\n\t\t\t\t\t<a class=\"elementor-button elementor-button-link elementor-size-sm\" href=\"http:\/\/biznesdoktor.pl\/index.php\/kontakt\/\">\n\t\t\t\t\t\t<span class=\"elementor-button-content-wrapper\">\n\t\t\t\t\t\t\t\t\t<span class=\"elementor-button-text\">Skontaktuj si\u0119<\/span>\n\t\t\t\t\t<\/span>\n\t\t\t\t\t<\/a>\n\t\t\t\t<\/div>\n\t\t\t\t\t\t\t\t<\/div>\n\t\t\t\t<\/div>\n\t\t\t\t\t<\/div>\n\t\t<\/div>\n\t\t\t\t\t<\/div>\n\t\t<\/section>\n\t\t\t\t<\/div>\n\t\t","protected":false},"excerpt":{"rendered":"<p>Poznaj moj\u0105 metod\u0119 na to jak pom\u00f3c Ci wzmocni\u0107 swoj\u0105 firm\u0119 &#8211; tak, by\u015b Ty te\u017c m\u00f3g\u0142 \u017cy\u0107 i pracowa\u0107 [&hellip;]<\/p>\n","protected":false},"author":1,"featured_media":0,"parent":0,"menu_order":0,"comment_status":"closed","ping_status":"closed","template":"","meta":{"site-sidebar-layout":"no-sidebar","site-content-layout":"","ast-site-content-layout":"full-width-container","site-content-style":"default","site-sidebar-style":"default","ast-global-header-display":"","ast-banner-title-visibility":"","ast-main-header-display":"","ast-hfb-above-header-display":"","ast-hfb-below-header-display":"","ast-hfb-mobile-header-display":"","site-post-title":"disabled","ast-breadcrumbs-content":"","ast-featured-img":"disabled","footer-sml-layout":"","theme-transparent-header-meta":"","adv-header-id-meta":"","stick-header-meta":"","header-above-stick-meta":"","header-main-stick-meta":"","header-below-stick-meta":"","astra-migrate-meta-layouts":"default","ast-page-background-enabled":"default","ast-page-background-meta":{"desktop":{"background-color":"var(--ast-global-color-5)","background-image":"","background-repeat":"repeat","background-position":"center center","background-size":"auto","background-attachment":"scroll","background-type":"","background-media":"","overlay-type":"","overlay-color":"","overlay-opacity":"","overlay-gradient":""},"tablet":{"background-color":"","background-image":"","background-repeat":"repeat","background-position":"center center","background-size":"auto","background-attachment":"scroll","background-type":"","background-media":"","overlay-type":"","overlay-color":"","overlay-opacity":"","overlay-gradient":""},"mobile":{"background-color":"","background-image":"","background-repeat":"repeat","background-position":"center center","background-size":"auto","background-attachment":"scroll","background-type":"","background-media":"","overlay-type":"","overlay-color":"","overlay-opacity":"","overlay-gradient":""}},"ast-content-background-meta":{"desktop":{"background-color":"var(--ast-global-color-4)","background-image":"","background-repeat":"repeat","background-position":"center center","background-size":"auto","background-attachment":"scroll","background-type":"","background-media":"","overlay-type":"","overlay-color":"","overlay-opacity":"","overlay-gradient":""},"tablet":{"background-color":"var(--ast-global-color-4)","background-image":"","background-repeat":"repeat","background-position":"center center","background-size":"auto","background-attachment":"scroll","background-type":"","background-media":"","overlay-type":"","overlay-color":"","overlay-opacity":"","overlay-gradient":""},"mobile":{"background-color":"var(--ast-global-color-4)","background-image":"","background-repeat":"repeat","background-position":"center center","background-size":"auto","background-attachment":"scroll","background-type":"","background-media":"","overlay-type":"","overlay-color":"","overlay-opacity":"","overlay-gradient":""}},"footnotes":""},"class_list":["post-5662","page","type-page","status-publish","hentry"],"yoast_head":"<!-- This site is optimized with the Yoast SEO plugin v25.5 - https:\/\/yoast.com\/wordpress\/plugins\/seo\/ -->\n<title>Jak pracuj\u0119 - Biznes Doktor<\/title>\n<meta name=\"description\" content=\"Pracuj\u0119 kompleksowo \u2013 od analizy i diagnozy problem\u00f3w w firmie, przez stworzenie konkretnego planu dzia\u0142ania, a\u017c po wdro\u017cenie i bie\u017c\u0105ce wsparcie. \u0141\u0105cz\u0119 do\u015bwiadczenie z obszar\u00f3w finans\u00f3w, zarz\u0105dzania, IT i sztucznej inteligencji, by dostarcza\u0107 skuteczne i dopasowane rozwi\u0105zania dla ma\u0142ych i \u015brednich firm.\" \/>\n<meta name=\"robots\" content=\"index, follow, max-snippet:-1, max-image-preview:large, max-video-preview:-1\" \/>\n<link rel=\"canonical\" href=\"http:\/\/biznesdoktor.pl\/index.php\/jak-pracuje\/\" \/>\n<meta property=\"og:locale\" content=\"pl_PL\" \/>\n<meta property=\"og:type\" content=\"article\" \/>\n<meta property=\"og:title\" content=\"Jak pracuj\u0119 - Biznes Doktor\" \/>\n<meta property=\"og:description\" content=\"Pracuj\u0119 kompleksowo \u2013 od analizy i diagnozy problem\u00f3w w firmie, przez stworzenie konkretnego planu dzia\u0142ania, a\u017c po wdro\u017cenie i bie\u017c\u0105ce wsparcie. \u0141\u0105cz\u0119 do\u015bwiadczenie z obszar\u00f3w finans\u00f3w, zarz\u0105dzania, IT i sztucznej inteligencji, by dostarcza\u0107 skuteczne i dopasowane rozwi\u0105zania dla ma\u0142ych i \u015brednich firm.\" \/>\n<meta property=\"og:url\" content=\"http:\/\/biznesdoktor.pl\/index.php\/jak-pracuje\/\" \/>\n<meta property=\"og:site_name\" content=\"Biznes Doktor\" \/>\n<meta property=\"article:modified_time\" content=\"2025-07-22T15:16:21+00:00\" \/>\n<meta name=\"twitter:card\" content=\"summary_large_image\" \/>\n<meta name=\"twitter:label1\" content=\"Szacowany czas czytania\" \/>\n\t<meta name=\"twitter:data1\" content=\"2 minuty\" \/>\n<script type=\"application\/ld+json\" class=\"yoast-schema-graph\">{\"@context\":\"https:\/\/schema.org\",\"@graph\":[{\"@type\":\"WebPage\",\"@id\":\"http:\/\/biznesdoktor.pl\/index.php\/jak-pracuje\/\",\"url\":\"http:\/\/biznesdoktor.pl\/index.php\/jak-pracuje\/\",\"name\":\"Jak pracuj\u0119 - Biznes Doktor\",\"isPartOf\":{\"@id\":\"https:\/\/biznesdoktor.pl\/#website\"},\"datePublished\":\"2025-07-22T11:45:24+00:00\",\"dateModified\":\"2025-07-22T15:16:21+00:00\",\"description\":\"Pracuj\u0119 kompleksowo \u2013 od analizy i diagnozy problem\u00f3w w firmie, przez stworzenie konkretnego planu dzia\u0142ania, a\u017c po wdro\u017cenie i bie\u017c\u0105ce wsparcie. \u0141\u0105cz\u0119 do\u015bwiadczenie z obszar\u00f3w finans\u00f3w, zarz\u0105dzania, IT i sztucznej inteligencji, by dostarcza\u0107 skuteczne i dopasowane rozwi\u0105zania dla ma\u0142ych i \u015brednich firm.\",\"breadcrumb\":{\"@id\":\"http:\/\/biznesdoktor.pl\/index.php\/jak-pracuje\/#breadcrumb\"},\"inLanguage\":\"pl-PL\",\"potentialAction\":[{\"@type\":\"ReadAction\",\"target\":[\"http:\/\/biznesdoktor.pl\/index.php\/jak-pracuje\/\"]}]},{\"@type\":\"BreadcrumbList\",\"@id\":\"http:\/\/biznesdoktor.pl\/index.php\/jak-pracuje\/#breadcrumb\",\"itemListElement\":[{\"@type\":\"ListItem\",\"position\":1,\"name\":\"Strona g\u0142\u00f3wna\",\"item\":\"https:\/\/biznesdoktor.pl\/\"},{\"@type\":\"ListItem\",\"position\":2,\"name\":\"Jak pracuj\u0119\"}]},{\"@type\":\"WebSite\",\"@id\":\"https:\/\/biznesdoktor.pl\/#website\",\"url\":\"https:\/\/biznesdoktor.pl\/\",\"name\":\"BiznesDoktor\",\"description\":\"Kiedy Tw\u00f3j biznes dostaje zadyszki!\",\"publisher\":{\"@id\":\"https:\/\/biznesdoktor.pl\/#organization\"},\"potentialAction\":[{\"@type\":\"SearchAction\",\"target\":{\"@type\":\"EntryPoint\",\"urlTemplate\":\"https:\/\/biznesdoktor.pl\/?s={search_term_string}\"},\"query-input\":{\"@type\":\"PropertyValueSpecification\",\"valueRequired\":true,\"valueName\":\"search_term_string\"}}],\"inLanguage\":\"pl-PL\"},{\"@type\":\"Organization\",\"@id\":\"https:\/\/biznesdoktor.pl\/#organization\",\"name\":\"Biznes doktor\",\"url\":\"https:\/\/biznesdoktor.pl\/\",\"logo\":{\"@type\":\"ImageObject\",\"inLanguage\":\"pl-PL\",\"@id\":\"https:\/\/biznesdoktor.pl\/#\/schema\/logo\/image\/\",\"url\":\"http:\/\/biznesdoktor.pl\/wp-content\/uploads\/2025\/07\/cropped-1-2.png\",\"contentUrl\":\"http:\/\/biznesdoktor.pl\/wp-content\/uploads\/2025\/07\/cropped-1-2.png\",\"width\":800,\"height\":306,\"caption\":\"Biznes doktor\"},\"image\":{\"@id\":\"https:\/\/biznesdoktor.pl\/#\/schema\/logo\/image\/\"}}]}<\/script>\n<!-- \/ Yoast SEO plugin. -->","yoast_head_json":{"title":"Jak pracuj\u0119 - Biznes Doktor","description":"Pracuj\u0119 kompleksowo \u2013 od analizy i diagnozy problem\u00f3w w firmie, przez stworzenie konkretnego planu dzia\u0142ania, a\u017c po wdro\u017cenie i bie\u017c\u0105ce wsparcie. \u0141\u0105cz\u0119 do\u015bwiadczenie z obszar\u00f3w finans\u00f3w, zarz\u0105dzania, IT i sztucznej inteligencji, by dostarcza\u0107 skuteczne i dopasowane rozwi\u0105zania dla ma\u0142ych i \u015brednich firm.","robots":{"index":"index","follow":"follow","max-snippet":"max-snippet:-1","max-image-preview":"max-image-preview:large","max-video-preview":"max-video-preview:-1"},"canonical":"http:\/\/biznesdoktor.pl\/index.php\/jak-pracuje\/","og_locale":"pl_PL","og_type":"article","og_title":"Jak pracuj\u0119 - Biznes Doktor","og_description":"Pracuj\u0119 kompleksowo \u2013 od analizy i diagnozy problem\u00f3w w firmie, przez stworzenie konkretnego planu dzia\u0142ania, a\u017c po wdro\u017cenie i bie\u017c\u0105ce wsparcie. \u0141\u0105cz\u0119 do\u015bwiadczenie z obszar\u00f3w finans\u00f3w, zarz\u0105dzania, IT i sztucznej inteligencji, by dostarcza\u0107 skuteczne i dopasowane rozwi\u0105zania dla ma\u0142ych i \u015brednich firm.","og_url":"http:\/\/biznesdoktor.pl\/index.php\/jak-pracuje\/","og_site_name":"Biznes Doktor","article_modified_time":"2025-07-22T15:16:21+00:00","twitter_card":"summary_large_image","twitter_misc":{"Szacowany czas czytania":"2 minuty"},"schema":{"@context":"https:\/\/schema.org","@graph":[{"@type":"WebPage","@id":"http:\/\/biznesdoktor.pl\/index.php\/jak-pracuje\/","url":"http:\/\/biznesdoktor.pl\/index.php\/jak-pracuje\/","name":"Jak pracuj\u0119 - Biznes Doktor","isPartOf":{"@id":"https:\/\/biznesdoktor.pl\/#website"},"datePublished":"2025-07-22T11:45:24+00:00","dateModified":"2025-07-22T15:16:21+00:00","description":"Pracuj\u0119 kompleksowo \u2013 od analizy i diagnozy problem\u00f3w w firmie, przez stworzenie konkretnego planu dzia\u0142ania, a\u017c po wdro\u017cenie i bie\u017c\u0105ce wsparcie. \u0141\u0105cz\u0119 do\u015bwiadczenie z obszar\u00f3w finans\u00f3w, zarz\u0105dzania, IT i sztucznej inteligencji, by dostarcza\u0107 skuteczne i dopasowane rozwi\u0105zania dla ma\u0142ych i \u015brednich firm.","breadcrumb":{"@id":"http:\/\/biznesdoktor.pl\/index.php\/jak-pracuje\/#breadcrumb"},"inLanguage":"pl-PL","potentialAction":[{"@type":"ReadAction","target":["http:\/\/biznesdoktor.pl\/index.php\/jak-pracuje\/"]}]},{"@type":"BreadcrumbList","@id":"http:\/\/biznesdoktor.pl\/index.php\/jak-pracuje\/#breadcrumb","itemListElement":[{"@type":"ListItem","position":1,"name":"Strona g\u0142\u00f3wna","item":"https:\/\/biznesdoktor.pl\/"},{"@type":"ListItem","position":2,"name":"Jak pracuj\u0119"}]},{"@type":"WebSite","@id":"https:\/\/biznesdoktor.pl\/#website","url":"https:\/\/biznesdoktor.pl\/","name":"BiznesDoktor","description":"Kiedy Tw\u00f3j biznes dostaje zadyszki!","publisher":{"@id":"https:\/\/biznesdoktor.pl\/#organization"},"potentialAction":[{"@type":"SearchAction","target":{"@type":"EntryPoint","urlTemplate":"https:\/\/biznesdoktor.pl\/?s={search_term_string}"},"query-input":{"@type":"PropertyValueSpecification","valueRequired":true,"valueName":"search_term_string"}}],"inLanguage":"pl-PL"},{"@type":"Organization","@id":"https:\/\/biznesdoktor.pl\/#organization","name":"Biznes doktor","url":"https:\/\/biznesdoktor.pl\/","logo":{"@type":"ImageObject","inLanguage":"pl-PL","@id":"https:\/\/biznesdoktor.pl\/#\/schema\/logo\/image\/","url":"http:\/\/biznesdoktor.pl\/wp-content\/uploads\/2025\/07\/cropped-1-2.png","contentUrl":"http:\/\/biznesdoktor.pl\/wp-content\/uploads\/2025\/07\/cropped-1-2.png","width":800,"height":306,"caption":"Biznes doktor"},"image":{"@id":"https:\/\/biznesdoktor.pl\/#\/schema\/logo\/image\/"}}]}},"_links":{"self":[{"href":"http:\/\/biznesdoktor.pl\/index.php\/wp-json\/wp\/v2\/pages\/5662","targetHints":{"allow":["GET"]}}],"collection":[{"href":"http:\/\/biznesdoktor.pl\/index.php\/wp-json\/wp\/v2\/pages"}],"about":[{"href":"http:\/\/biznesdoktor.pl\/index.php\/wp-json\/wp\/v2\/types\/page"}],"author":[{"embeddable":true,"href":"http:\/\/biznesdoktor.pl\/index.php\/wp-json\/wp\/v2\/users\/1"}],"replies":[{"embeddable":true,"href":"http:\/\/biznesdoktor.pl\/index.php\/wp-json\/wp\/v2\/comments?post=5662"}],"version-history":[{"count":10,"href":"http:\/\/biznesdoktor.pl\/index.php\/wp-json\/wp\/v2\/pages\/5662\/revisions"}],"predecessor-version":[{"id":5756,"href":"http:\/\/biznesdoktor.pl\/index.php\/wp-json\/wp\/v2\/pages\/5662\/revisions\/5756"}],"wp:attachment":[{"href":"http:\/\/biznesdoktor.pl\/index.php\/wp-json\/wp\/v2\/media?parent=5662"}],"curies":[{"name":"wp","href":"https:\/\/api.w.org\/{rel}","templated":true}]}}